{"id":1334,"date":"2024-06-25T17:10:25","date_gmt":"2024-06-25T15:10:25","guid":{"rendered":"https:\/\/www.prcgommoni.it\/materiali-impiegati\/"},"modified":"2024-07-22T16:17:35","modified_gmt":"2024-07-22T14:17:35","slug":"materiels-utilises","status":"publish","type":"page","link":"https:\/\/www.prcgommoni.it\/fr\/materiels-utilises\/","title":{"rendered":"Mat\u00e9riels utilis\u00e9s"},"content":{"rendered":"\t\t<div data-elementor-type=\"wp-page\" data-elementor-id=\"1334\" class=\"elementor elementor-1334 elementor-312\" data-elementor-post-type=\"page\">\n\t\t\t\t\t\t<section class=\"elementor-section elementor-top-section elementor-element elementor-element-e333a9a elementor-section-content-middle elementor-section-boxed elementor-section-height-default elementor-section-height-default\" data-id=\"e333a9a\" data-element_type=\"section\" data-e-type=\"section\" data-settings=\"{&quot;background_background&quot;:&quot;classic&quot;}\">\n\t\t\t\t\t\t\t<div class=\"elementor-background-overlay\"><\/div>\n\t\t\t\t\t\t\t<div class=\"elementor-container elementor-column-gap-default\">\n\t\t\t\t\t<div class=\"elementor-column elementor-col-100 elementor-top-column elementor-element elementor-element-9218d2c\" data-id=\"9218d2c\" data-element_type=\"column\" data-e-type=\"column\">\n\t\t\t<div class=\"elementor-widget-wrap elementor-element-populated\">\n\t\t\t\t\t\t<div class=\"elementor-element elementor-element-711e180 elementor-widget elementor-widget-heading\" data-id=\"711e180\" data-element_type=\"widget\" data-e-type=\"widget\" data-widget_type=\"heading.default\">\n\t\t\t\t<div class=\"elementor-widget-container\">\n\t\t\t\t\t<p class=\"elementor-heading-title elementor-size-default\">Mat\u00e9riels utilis\u00e9s<\/p>\t\t\t\t<\/div>\n\t\t\t\t<\/div>\n\t\t\t\t<div class=\"elementor-element elementor-element-e60c3eb elementor-widget elementor-widget-heading\" data-id=\"e60c3eb\" data-element_type=\"widget\" data-e-type=\"widget\" data-widget_type=\"heading.default\">\n\t\t\t\t<div class=\"elementor-widget-container\">\n\t\t\t\t\t<h1 class=\"elementor-heading-title elementor-size-default\">dans le remplacement et la r\u00e9paration de tubulaires<\/h1>\t\t\t\t<\/div>\n\t\t\t\t<\/div>\n\t\t\t\t\t<\/div>\n\t\t<\/div>\n\t\t\t\t\t<\/div>\n\t\t<\/section>\n\t\t\t\t<section class=\"elementor-section elementor-top-section elementor-element elementor-element-059386d elementor-section-content-middle elementor-section-boxed elementor-section-height-default elementor-section-height-default\" data-id=\"059386d\" data-element_type=\"section\" data-e-type=\"section\">\n\t\t\t\t\t\t<div class=\"elementor-container elementor-column-gap-default\">\n\t\t\t\t\t<div class=\"elementor-column elementor-col-33 elementor-top-column elementor-element elementor-element-46089ab elementor-invisible\" data-id=\"46089ab\" data-element_type=\"column\" data-e-type=\"column\" data-settings=\"{&quot;animation&quot;:&quot;fadeInLeft&quot;}\">\n\t\t\t<div class=\"elementor-widget-wrap elementor-element-populated\">\n\t\t\t\t\t\t<div class=\"elementor-element elementor-element-096f3a9 elementor-widget elementor-widget-text-editor\" data-id=\"096f3a9\" data-element_type=\"widget\" data-e-type=\"widget\" data-widget_type=\"text-editor.default\">\n\t\t\t\t<div class=\"elementor-widget-container\">\n\t\t\t\t\t\t\t\t\t<p style=\"font-weight: 400;\">Nos flotteurs sont r\u00e9alis\u00e9s en tissus <strong>Hypalon \/ N\u00e9opr\u00e8ne tr\u00e8s<\/strong> r\u00e9sistants <strong>aux rayons UV<\/strong>,<strong> aux abrasions et aux temp\u00e9ratures \u00e9lev\u00e9es<\/strong>.<\/p><p style=\"font-weight: 400;\">Ils sont con\u00e7us pour des \u00e9quipements gonflables \u00e0 usage professionnel ou de loisir, utilis\u00e9s dans l\u2019eau et expos\u00e9s en permanence au soleil, \u00e0 l\u2019eau de mer et aux intemp\u00e9ries. Disponibles en plus de 30 couleurs et diff\u00e9rentes finitions au choix du client.<\/p>\t\t\t\t\t\t\t\t<\/div>\n\t\t\t\t<\/div>\n\t\t\t\t\t<\/div>\n\t\t<\/div>\n\t\t\t\t<div class=\"elementor-column elementor-col-33 elementor-top-column elementor-element elementor-element-7cf3a06\" data-id=\"7cf3a06\" data-element_type=\"column\" data-e-type=\"column\">\n\t\t\t<div class=\"elementor-widget-wrap elementor-element-populated\">\n\t\t\t\t\t\t<div class=\"elementor-element elementor-element-fd6d5e9 elementor-widget elementor-widget-image\" data-id=\"fd6d5e9\" data-element_type=\"widget\" data-e-type=\"widget\" data-widget_type=\"image.default\">\n\t\t\t\t<div class=\"elementor-widget-container\">\n\t\t\t\t\t\t\t\t\t\t\t\t\t\t\t\t<a href=\"https:\/\/www.prcgommoni.it\/wp-content\/uploads\/2024\/07\/materiali-tubolari-batelli-pneumatici-neoprene.webp\" data-elementor-open-lightbox=\"yes\" data-elementor-lightbox-title=\"materiali tubolari batelli pneumatici neoprene\" data-e-action-hash=\"#elementor-action%3Aaction%3Dlightbox%26settings%3DeyJpZCI6MTMzNSwidXJsIjoiaHR0cHM6XC9cL3d3dy5wcmNnb21tb25pLml0XC93cC1jb250ZW50XC91cGxvYWRzXC8yMDI0XC8wN1wvbWF0ZXJpYWxpLXR1Ym9sYXJpLWJhdGVsbGktcG5ldW1hdGljaS1uZW9wcmVuZS53ZWJwIn0%3D\">\n\t\t\t\t\t\t\t<img fetchpriority=\"high\" decoding=\"async\" width=\"800\" height=\"800\" src=\"https:\/\/www.prcgommoni.it\/wp-content\/uploads\/2024\/07\/materiali-tubolari-batelli-pneumatici-neoprene.webp\" class=\"attachment-large size-large wp-image-1335\" alt=\"materiali tubolari batelli pneumatici neoprene\" srcset=\"https:\/\/www.prcgommoni.it\/wp-content\/uploads\/2024\/07\/materiali-tubolari-batelli-pneumatici-neoprene.webp 1000w, https:\/\/www.prcgommoni.it\/wp-content\/uploads\/2024\/07\/materiali-tubolari-batelli-pneumatici-neoprene-300x300.webp 300w, https:\/\/www.prcgommoni.it\/wp-content\/uploads\/2024\/07\/materiali-tubolari-batelli-pneumatici-neoprene-150x150.webp 150w, https:\/\/www.prcgommoni.it\/wp-content\/uploads\/2024\/07\/materiali-tubolari-batelli-pneumatici-neoprene-768x768.webp 768w\" sizes=\"(max-width: 800px) 100vw, 800px\" \/>\t\t\t\t\t\t\t\t<\/a>\n\t\t\t\t\t\t\t\t\t\t\t\t\t\t\t<\/div>\n\t\t\t\t<\/div>\n\t\t\t\t\t<\/div>\n\t\t<\/div>\n\t\t\t\t<div class=\"elementor-column elementor-col-33 elementor-top-column elementor-element elementor-element-c8b3cfd\" data-id=\"c8b3cfd\" data-element_type=\"column\" data-e-type=\"column\">\n\t\t\t<div class=\"elementor-widget-wrap elementor-element-populated\">\n\t\t\t\t\t\t<div class=\"elementor-element elementor-element-54046f3 elementor-widget elementor-widget-image\" data-id=\"54046f3\" data-element_type=\"widget\" data-e-type=\"widget\" data-widget_type=\"image.default\">\n\t\t\t\t<div class=\"elementor-widget-container\">\n\t\t\t\t\t\t\t\t\t\t\t\t\t\t\t\t<a href=\"https:\/\/www.prcgommoni.it\/wp-content\/uploads\/2024\/07\/materiali-tubolari-batelli-pneumatici-lecco.webp\" data-elementor-open-lightbox=\"yes\" data-elementor-lightbox-title=\"materiali tubolari batelli pneumatici lecco\" data-e-action-hash=\"#elementor-action%3Aaction%3Dlightbox%26settings%3DeyJpZCI6MTMzNiwidXJsIjoiaHR0cHM6XC9cL3d3dy5wcmNnb21tb25pLml0XC93cC1jb250ZW50XC91cGxvYWRzXC8yMDI0XC8wN1wvbWF0ZXJpYWxpLXR1Ym9sYXJpLWJhdGVsbGktcG5ldW1hdGljaS1sZWNjby53ZWJwIn0%3D\">\n\t\t\t\t\t\t\t<img decoding=\"async\" width=\"800\" height=\"800\" src=\"https:\/\/www.prcgommoni.it\/wp-content\/uploads\/2024\/07\/materiali-tubolari-batelli-pneumatici-lecco.webp\" class=\"attachment-large size-large wp-image-1336\" alt=\"materiali tubolari batelli pneumatici lecco\" srcset=\"https:\/\/www.prcgommoni.it\/wp-content\/uploads\/2024\/07\/materiali-tubolari-batelli-pneumatici-lecco.webp 1000w, https:\/\/www.prcgommoni.it\/wp-content\/uploads\/2024\/07\/materiali-tubolari-batelli-pneumatici-lecco-300x300.webp 300w, https:\/\/www.prcgommoni.it\/wp-content\/uploads\/2024\/07\/materiali-tubolari-batelli-pneumatici-lecco-150x150.webp 150w, https:\/\/www.prcgommoni.it\/wp-content\/uploads\/2024\/07\/materiali-tubolari-batelli-pneumatici-lecco-768x768.webp 768w\" sizes=\"(max-width: 800px) 100vw, 800px\" \/>\t\t\t\t\t\t\t\t<\/a>\n\t\t\t\t\t\t\t\t\t\t\t\t\t\t\t<\/div>\n\t\t\t\t<\/div>\n\t\t\t\t\t<\/div>\n\t\t<\/div>\n\t\t\t\t\t<\/div>\n\t\t<\/section>\n\t\t\t\t<section class=\"elementor-section elementor-top-section elementor-element elementor-element-bab3889 elementor-section-boxed elementor-section-height-default elementor-section-height-default\" data-id=\"bab3889\" data-element_type=\"section\" data-e-type=\"section\" data-settings=\"{&quot;background_background&quot;:&quot;classic&quot;}\">\n\t\t\t\t\t\t<div class=\"elementor-container elementor-column-gap-default\">\n\t\t\t\t\t<div class=\"elementor-column elementor-col-20 elementor-top-column elementor-element elementor-element-131f97b\" data-id=\"131f97b\" data-element_type=\"column\" data-e-type=\"column\">\n\t\t\t<div class=\"elementor-widget-wrap elementor-element-populated\">\n\t\t\t\t\t\t<div class=\"elementor-element elementor-element-528176d elementor-widget elementor-widget-image\" data-id=\"528176d\" data-element_type=\"widget\" data-e-type=\"widget\" data-widget_type=\"image.default\">\n\t\t\t\t<div class=\"elementor-widget-container\">\n\t\t\t\t\t\t\t\t\t\t\t\t<figure class=\"wp-caption\">\n\t\t\t\t\t\t\t\t\t\t<img decoding=\"async\" width=\"300\" height=\"300\" src=\"https:\/\/www.prcgommoni.it\/wp-content\/uploads\/2024\/07\/prc-gommoni-Perlage.jpg\" class=\"elementor-animation-float attachment-large size-large wp-image-1341\" alt=\"Perlage\" srcset=\"https:\/\/www.prcgommoni.it\/wp-content\/uploads\/2024\/07\/prc-gommoni-Perlage.jpg 300w, https:\/\/www.prcgommoni.it\/wp-content\/uploads\/2024\/07\/prc-gommoni-Perlage-150x150.jpg 150w\" sizes=\"(max-width: 300px) 100vw, 300px\" \/>\t\t\t\t\t\t\t\t\t\t\t<figcaption class=\"widget-image-caption wp-caption-text\">Perlage<\/figcaption>\n\t\t\t\t\t\t\t\t\t\t<\/figure>\n\t\t\t\t\t\t\t\t\t<\/div>\n\t\t\t\t<\/div>\n\t\t\t\t\t<\/div>\n\t\t<\/div>\n\t\t\t\t<div class=\"elementor-column elementor-col-20 elementor-top-column elementor-element elementor-element-788b82d\" data-id=\"788b82d\" data-element_type=\"column\" data-e-type=\"column\">\n\t\t\t<div class=\"elementor-widget-wrap elementor-element-populated\">\n\t\t\t\t\t\t<div class=\"elementor-element elementor-element-f2db72c elementor-widget elementor-widget-image\" data-id=\"f2db72c\" data-element_type=\"widget\" data-e-type=\"widget\" data-widget_type=\"image.default\">\n\t\t\t\t<div class=\"elementor-widget-container\">\n\t\t\t\t\t\t\t\t\t\t\t\t<figure class=\"wp-caption\">\n\t\t\t\t\t\t\t\t\t\t<img loading=\"lazy\" decoding=\"async\" width=\"300\" height=\"300\" src=\"https:\/\/www.prcgommoni.it\/wp-content\/uploads\/2024\/07\/prc-gommoni-Matt-vs-Smooth.jpg\" class=\"elementor-animation-float attachment-large size-large wp-image-1340\" alt=\"Matt vs Smooth\" srcset=\"https:\/\/www.prcgommoni.it\/wp-content\/uploads\/2024\/07\/prc-gommoni-Matt-vs-Smooth.jpg 300w, https:\/\/www.prcgommoni.it\/wp-content\/uploads\/2024\/07\/prc-gommoni-Matt-vs-Smooth-150x150.jpg 150w\" sizes=\"(max-width: 300px) 100vw, 300px\" \/>\t\t\t\t\t\t\t\t\t\t\t<figcaption class=\"widget-image-caption wp-caption-text\">Matt vs Smooth<\/figcaption>\n\t\t\t\t\t\t\t\t\t\t<\/figure>\n\t\t\t\t\t\t\t\t\t<\/div>\n\t\t\t\t<\/div>\n\t\t\t\t\t<\/div>\n\t\t<\/div>\n\t\t\t\t<div class=\"elementor-column elementor-col-20 elementor-top-column elementor-element elementor-element-c15f150\" data-id=\"c15f150\" data-element_type=\"column\" data-e-type=\"column\">\n\t\t\t<div class=\"elementor-widget-wrap elementor-element-populated\">\n\t\t\t\t\t\t<div class=\"elementor-element elementor-element-823cbdf elementor-widget elementor-widget-image\" data-id=\"823cbdf\" data-element_type=\"widget\" data-e-type=\"widget\" data-widget_type=\"image.default\">\n\t\t\t\t<div class=\"elementor-widget-container\">\n\t\t\t\t\t\t\t\t\t\t\t\t<figure class=\"wp-caption\">\n\t\t\t\t\t\t\t\t\t\t<img loading=\"lazy\" decoding=\"async\" width=\"300\" height=\"300\" src=\"https:\/\/www.prcgommoni.it\/wp-content\/uploads\/2024\/07\/prc-gommoni-HoneyComb.jpg\" class=\"elementor-animation-float attachment-large size-large wp-image-1339\" alt=\"HoneyComb\" srcset=\"https:\/\/www.prcgommoni.it\/wp-content\/uploads\/2024\/07\/prc-gommoni-HoneyComb.jpg 300w, https:\/\/www.prcgommoni.it\/wp-content\/uploads\/2024\/07\/prc-gommoni-HoneyComb-150x150.jpg 150w\" sizes=\"(max-width: 300px) 100vw, 300px\" \/>\t\t\t\t\t\t\t\t\t\t\t<figcaption class=\"widget-image-caption wp-caption-text\">HoneyComb<\/figcaption>\n\t\t\t\t\t\t\t\t\t\t<\/figure>\n\t\t\t\t\t\t\t\t\t<\/div>\n\t\t\t\t<\/div>\n\t\t\t\t\t<\/div>\n\t\t<\/div>\n\t\t\t\t<div class=\"elementor-column elementor-col-20 elementor-top-column elementor-element elementor-element-da653db\" data-id=\"da653db\" data-element_type=\"column\" data-e-type=\"column\">\n\t\t\t<div class=\"elementor-widget-wrap elementor-element-populated\">\n\t\t\t\t\t\t<div class=\"elementor-element elementor-element-d5d628e elementor-widget elementor-widget-image\" data-id=\"d5d628e\" data-element_type=\"widget\" data-e-type=\"widget\" data-widget_type=\"image.default\">\n\t\t\t\t<div class=\"elementor-widget-container\">\n\t\t\t\t\t\t\t\t\t\t\t\t<figure class=\"wp-caption\">\n\t\t\t\t\t\t\t\t\t\t<img loading=\"lazy\" decoding=\"async\" width=\"300\" height=\"300\" src=\"https:\/\/www.prcgommoni.it\/wp-content\/uploads\/2024\/07\/prc-gommoni-Fabric-Impression.jpg\" class=\"elementor-animation-float attachment-large size-large wp-image-1338\" alt=\"Fabric Impression\" srcset=\"https:\/\/www.prcgommoni.it\/wp-content\/uploads\/2024\/07\/prc-gommoni-Fabric-Impression.jpg 300w, https:\/\/www.prcgommoni.it\/wp-content\/uploads\/2024\/07\/prc-gommoni-Fabric-Impression-150x150.jpg 150w\" sizes=\"(max-width: 300px) 100vw, 300px\" \/>\t\t\t\t\t\t\t\t\t\t\t<figcaption class=\"widget-image-caption wp-caption-text\">Fabric Impression<\/figcaption>\n\t\t\t\t\t\t\t\t\t\t<\/figure>\n\t\t\t\t\t\t\t\t\t<\/div>\n\t\t\t\t<\/div>\n\t\t\t\t\t<\/div>\n\t\t<\/div>\n\t\t\t\t<div class=\"elementor-column elementor-col-20 elementor-top-column elementor-element elementor-element-b8a10b4\" data-id=\"b8a10b4\" data-element_type=\"column\" data-e-type=\"column\">\n\t\t\t<div class=\"elementor-widget-wrap elementor-element-populated\">\n\t\t\t\t\t\t<div class=\"elementor-element elementor-element-66759bb elementor-widget elementor-widget-image\" data-id=\"66759bb\" data-element_type=\"widget\" data-e-type=\"widget\" data-widget_type=\"image.default\">\n\t\t\t\t<div class=\"elementor-widget-container\">\n\t\t\t\t\t\t\t\t\t\t\t\t<figure class=\"wp-caption\">\n\t\t\t\t\t\t\t\t\t\t<img loading=\"lazy\" decoding=\"async\" width=\"300\" height=\"300\" src=\"https:\/\/www.prcgommoni.it\/wp-content\/uploads\/2024\/07\/prc-gommoni-Carbon.jpg\" class=\"elementor-animation-float attachment-large size-large wp-image-1337\" alt=\"Carbon\" srcset=\"https:\/\/www.prcgommoni.it\/wp-content\/uploads\/2024\/07\/prc-gommoni-Carbon.jpg 300w, https:\/\/www.prcgommoni.it\/wp-content\/uploads\/2024\/07\/prc-gommoni-Carbon-150x150.jpg 150w\" sizes=\"(max-width: 300px) 100vw, 300px\" \/>\t\t\t\t\t\t\t\t\t\t\t<figcaption class=\"widget-image-caption wp-caption-text\">Carbon<\/figcaption>\n\t\t\t\t\t\t\t\t\t\t<\/figure>\n\t\t\t\t\t\t\t\t\t<\/div>\n\t\t\t\t<\/div>\n\t\t\t\t\t<\/div>\n\t\t<\/div>\n\t\t\t\t\t<\/div>\n\t\t<\/section>\n\t\t\t\t<\/div>\n\t\t","protected":false},"excerpt":{"rendered":"<p>dans le remplacement et la r\u00e9paration de tubulaires Nos flotteurs sont r\u00e9alis\u00e9s en tissus Hypalon \/ N\u00e9opr\u00e8ne tr\u00e8s r\u00e9sistants aux rayons UV, aux abrasions et aux temp\u00e9ratures \u00e9lev\u00e9es. Ils sont con\u00e7us pour des \u00e9quipements gonflables \u00e0 usage professionnel ou de loisir, utilis\u00e9s dans l\u2019eau et expos\u00e9s en permanence au soleil, \u00e0 l\u2019eau de mer et [&hellip;]<\/p>\n","protected":false},"author":7,"featured_media":0,"parent":0,"menu_order":0,"comment_status":"closed","ping_status":"closed","template":"","meta":{"footnotes":""},"class_list":["post-1334","page","type-page","status-publish","hentry"],"yoast_head":"<!-- This site is optimized with the Yoast SEO plugin v27.3 - https:\/\/yoast.com\/product\/yoast-seo-wordpress\/ -->\n<title>Mat\u00e9riels utilis\u00e9s | PRC bateaux pneumatiques<\/title>\n<meta name=\"description\" content=\"Nos flotteurs sont r\u00e9alis\u00e9s en tissus Hypalon \/ N\u00e9opr\u00e8ne tr\u00e8s r\u00e9sistants aux rayons UV, aux abrasions et aux temp\u00e9ratures \u00e9lev\u00e9es.\" \/>\n<meta name=\"robots\" content=\"index, follow, max-snippet:-1, max-image-preview:large, max-video-preview:-1\" \/>\n<link rel=\"canonical\" href=\"https:\/\/www.prcgommoni.it\/fr\/materiels-utilises\/\" \/>\n<meta property=\"og:locale\" content=\"fr_FR\" \/>\n<meta property=\"og:type\" content=\"article\" \/>\n<meta property=\"og:title\" content=\"Mat\u00e9riels utilis\u00e9s | PRC bateaux pneumatiques\" \/>\n<meta property=\"og:description\" content=\"Nos flotteurs sont r\u00e9alis\u00e9s en tissus Hypalon \/ N\u00e9opr\u00e8ne tr\u00e8s r\u00e9sistants aux rayons UV, aux abrasions et aux temp\u00e9ratures \u00e9lev\u00e9es.\" \/>\n<meta property=\"og:url\" content=\"https:\/\/www.prcgommoni.it\/fr\/materiels-utilises\/\" \/>\n<meta property=\"og:site_name\" content=\"PRC bateaux pneumatiques\" \/>\n<meta property=\"article:modified_time\" content=\"2024-07-22T14:17:35+00:00\" \/>\n<meta property=\"og:image\" content=\"https:\/\/www.prcgommoni.it\/wp-content\/uploads\/2024\/07\/materiali-tubolari-batelli-pneumatici-neoprene.webp\" \/>\n<meta name=\"twitter:card\" content=\"summary_large_image\" \/>\n<meta name=\"twitter:label1\" content=\"Dur\u00e9e de lecture estim\u00e9e\" \/>\n\t<meta name=\"twitter:data1\" content=\"2 minutes\" \/>\n<script type=\"application\/ld+json\" class=\"yoast-schema-graph\">{\"@context\":\"https:\\\/\\\/schema.org\",\"@graph\":[{\"@type\":\"WebPage\",\"@id\":\"https:\\\/\\\/www.prcgommoni.it\\\/fr\\\/materiels-utilises\\\/\",\"url\":\"https:\\\/\\\/www.prcgommoni.it\\\/fr\\\/materiels-utilises\\\/\",\"name\":\"Mat\u00e9riels utilis\u00e9s | PRC bateaux pneumatiques\",\"isPartOf\":{\"@id\":\"https:\\\/\\\/www.prcgommoni.it\\\/fr\\\/#website\"},\"primaryImageOfPage\":{\"@id\":\"https:\\\/\\\/www.prcgommoni.it\\\/fr\\\/materiels-utilises\\\/#primaryimage\"},\"image\":{\"@id\":\"https:\\\/\\\/www.prcgommoni.it\\\/fr\\\/materiels-utilises\\\/#primaryimage\"},\"thumbnailUrl\":\"https:\\\/\\\/www.prcgommoni.it\\\/wp-content\\\/uploads\\\/2024\\\/07\\\/materiali-tubolari-batelli-pneumatici-neoprene.webp\",\"datePublished\":\"2024-06-25T15:10:25+00:00\",\"dateModified\":\"2024-07-22T14:17:35+00:00\",\"description\":\"Nos flotteurs sont r\u00e9alis\u00e9s en tissus Hypalon \\\/ N\u00e9opr\u00e8ne tr\u00e8s r\u00e9sistants aux rayons UV, aux abrasions et aux temp\u00e9ratures \u00e9lev\u00e9es.\",\"breadcrumb\":{\"@id\":\"https:\\\/\\\/www.prcgommoni.it\\\/fr\\\/materiels-utilises\\\/#breadcrumb\"},\"inLanguage\":\"fr-FR\",\"potentialAction\":[{\"@type\":\"ReadAction\",\"target\":[\"https:\\\/\\\/www.prcgommoni.it\\\/fr\\\/materiels-utilises\\\/\"]}]},{\"@type\":\"ImageObject\",\"inLanguage\":\"fr-FR\",\"@id\":\"https:\\\/\\\/www.prcgommoni.it\\\/fr\\\/materiels-utilises\\\/#primaryimage\",\"url\":\"https:\\\/\\\/www.prcgommoni.it\\\/wp-content\\\/uploads\\\/2024\\\/07\\\/materiali-tubolari-batelli-pneumatici-neoprene.webp\",\"contentUrl\":\"https:\\\/\\\/www.prcgommoni.it\\\/wp-content\\\/uploads\\\/2024\\\/07\\\/materiali-tubolari-batelli-pneumatici-neoprene.webp\"},{\"@type\":\"BreadcrumbList\",\"@id\":\"https:\\\/\\\/www.prcgommoni.it\\\/fr\\\/materiels-utilises\\\/#breadcrumb\",\"itemListElement\":[{\"@type\":\"ListItem\",\"position\":1,\"name\":\"Home\",\"item\":\"https:\\\/\\\/www.prcgommoni.it\\\/fr\\\/\"},{\"@type\":\"ListItem\",\"position\":2,\"name\":\"Mat\u00e9riels utilis\u00e9s\"}]},{\"@type\":\"WebSite\",\"@id\":\"https:\\\/\\\/www.prcgommoni.it\\\/fr\\\/#website\",\"url\":\"https:\\\/\\\/www.prcgommoni.it\\\/fr\\\/\",\"name\":\"PRC bateaux pneumatiques\",\"description\":\"\",\"publisher\":{\"@id\":\"https:\\\/\\\/www.prcgommoni.it\\\/fr\\\/#organization\"},\"potentialAction\":[{\"@type\":\"SearchAction\",\"target\":{\"@type\":\"EntryPoint\",\"urlTemplate\":\"https:\\\/\\\/www.prcgommoni.it\\\/fr\\\/?s={search_term_string}\"},\"query-input\":{\"@type\":\"PropertyValueSpecification\",\"valueRequired\":true,\"valueName\":\"search_term_string\"}}],\"inLanguage\":\"fr-FR\"},{\"@type\":\"Organization\",\"@id\":\"https:\\\/\\\/www.prcgommoni.it\\\/fr\\\/#organization\",\"name\":\"PRC Battelli Pneumatici\",\"url\":\"https:\\\/\\\/www.prcgommoni.it\\\/fr\\\/\",\"logo\":{\"@type\":\"ImageObject\",\"inLanguage\":\"fr-FR\",\"@id\":\"https:\\\/\\\/www.prcgommoni.it\\\/fr\\\/#\\\/schema\\\/logo\\\/image\\\/\",\"url\":\"https:\\\/\\\/www.prcgommoni.it\\\/wp-content\\\/uploads\\\/2024\\\/06\\\/prc-battelli-pneumatici.webp\",\"contentUrl\":\"https:\\\/\\\/www.prcgommoni.it\\\/wp-content\\\/uploads\\\/2024\\\/06\\\/prc-battelli-pneumatici.webp\",\"width\":1600,\"height\":350,\"caption\":\"PRC Battelli Pneumatici\"},\"image\":{\"@id\":\"https:\\\/\\\/www.prcgommoni.it\\\/fr\\\/#\\\/schema\\\/logo\\\/image\\\/\"}}]}<\/script>\n<!-- \/ Yoast SEO plugin. -->","yoast_head_json":{"title":"Mat\u00e9riels utilis\u00e9s | PRC bateaux pneumatiques","description":"Nos flotteurs sont r\u00e9alis\u00e9s en tissus Hypalon \/ N\u00e9opr\u00e8ne tr\u00e8s r\u00e9sistants aux rayons UV, aux abrasions et aux temp\u00e9ratures \u00e9lev\u00e9es.","robots":{"index":"index","follow":"follow","max-snippet":"max-snippet:-1","max-image-preview":"max-image-preview:large","max-video-preview":"max-video-preview:-1"},"canonical":"https:\/\/www.prcgommoni.it\/fr\/materiels-utilises\/","og_locale":"fr_FR","og_type":"article","og_title":"Mat\u00e9riels utilis\u00e9s | PRC bateaux pneumatiques","og_description":"Nos flotteurs sont r\u00e9alis\u00e9s en tissus Hypalon \/ N\u00e9opr\u00e8ne tr\u00e8s r\u00e9sistants aux rayons UV, aux abrasions et aux temp\u00e9ratures \u00e9lev\u00e9es.","og_url":"https:\/\/www.prcgommoni.it\/fr\/materiels-utilises\/","og_site_name":"PRC bateaux pneumatiques","article_modified_time":"2024-07-22T14:17:35+00:00","og_image":[{"url":"https:\/\/www.prcgommoni.it\/wp-content\/uploads\/2024\/07\/materiali-tubolari-batelli-pneumatici-neoprene.webp","type":"","width":"","height":""}],"twitter_card":"summary_large_image","twitter_misc":{"Dur\u00e9e de lecture estim\u00e9e":"2 minutes"},"schema":{"@context":"https:\/\/schema.org","@graph":[{"@type":"WebPage","@id":"https:\/\/www.prcgommoni.it\/fr\/materiels-utilises\/","url":"https:\/\/www.prcgommoni.it\/fr\/materiels-utilises\/","name":"Mat\u00e9riels utilis\u00e9s | PRC bateaux pneumatiques","isPartOf":{"@id":"https:\/\/www.prcgommoni.it\/fr\/#website"},"primaryImageOfPage":{"@id":"https:\/\/www.prcgommoni.it\/fr\/materiels-utilises\/#primaryimage"},"image":{"@id":"https:\/\/www.prcgommoni.it\/fr\/materiels-utilises\/#primaryimage"},"thumbnailUrl":"https:\/\/www.prcgommoni.it\/wp-content\/uploads\/2024\/07\/materiali-tubolari-batelli-pneumatici-neoprene.webp","datePublished":"2024-06-25T15:10:25+00:00","dateModified":"2024-07-22T14:17:35+00:00","description":"Nos flotteurs sont r\u00e9alis\u00e9s en tissus Hypalon \/ N\u00e9opr\u00e8ne tr\u00e8s r\u00e9sistants aux rayons UV, aux abrasions et aux temp\u00e9ratures \u00e9lev\u00e9es.","breadcrumb":{"@id":"https:\/\/www.prcgommoni.it\/fr\/materiels-utilises\/#breadcrumb"},"inLanguage":"fr-FR","potentialAction":[{"@type":"ReadAction","target":["https:\/\/www.prcgommoni.it\/fr\/materiels-utilises\/"]}]},{"@type":"ImageObject","inLanguage":"fr-FR","@id":"https:\/\/www.prcgommoni.it\/fr\/materiels-utilises\/#primaryimage","url":"https:\/\/www.prcgommoni.it\/wp-content\/uploads\/2024\/07\/materiali-tubolari-batelli-pneumatici-neoprene.webp","contentUrl":"https:\/\/www.prcgommoni.it\/wp-content\/uploads\/2024\/07\/materiali-tubolari-batelli-pneumatici-neoprene.webp"},{"@type":"BreadcrumbList","@id":"https:\/\/www.prcgommoni.it\/fr\/materiels-utilises\/#breadcrumb","itemListElement":[{"@type":"ListItem","position":1,"name":"Home","item":"https:\/\/www.prcgommoni.it\/fr\/"},{"@type":"ListItem","position":2,"name":"Mat\u00e9riels utilis\u00e9s"}]},{"@type":"WebSite","@id":"https:\/\/www.prcgommoni.it\/fr\/#website","url":"https:\/\/www.prcgommoni.it\/fr\/","name":"PRC bateaux pneumatiques","description":"","publisher":{"@id":"https:\/\/www.prcgommoni.it\/fr\/#organization"},"potentialAction":[{"@type":"SearchAction","target":{"@type":"EntryPoint","urlTemplate":"https:\/\/www.prcgommoni.it\/fr\/?s={search_term_string}"},"query-input":{"@type":"PropertyValueSpecification","valueRequired":true,"valueName":"search_term_string"}}],"inLanguage":"fr-FR"},{"@type":"Organization","@id":"https:\/\/www.prcgommoni.it\/fr\/#organization","name":"PRC Battelli Pneumatici","url":"https:\/\/www.prcgommoni.it\/fr\/","logo":{"@type":"ImageObject","inLanguage":"fr-FR","@id":"https:\/\/www.prcgommoni.it\/fr\/#\/schema\/logo\/image\/","url":"https:\/\/www.prcgommoni.it\/wp-content\/uploads\/2024\/06\/prc-battelli-pneumatici.webp","contentUrl":"https:\/\/www.prcgommoni.it\/wp-content\/uploads\/2024\/06\/prc-battelli-pneumatici.webp","width":1600,"height":350,"caption":"PRC Battelli Pneumatici"},"image":{"@id":"https:\/\/www.prcgommoni.it\/fr\/#\/schema\/logo\/image\/"}}]}},"_links":{"self":[{"href":"https:\/\/www.prcgommoni.it\/fr\/wp-json\/wp\/v2\/pages\/1334","targetHints":{"allow":["GET"]}}],"collection":[{"href":"https:\/\/www.prcgommoni.it\/fr\/wp-json\/wp\/v2\/pages"}],"about":[{"href":"https:\/\/www.prcgommoni.it\/fr\/wp-json\/wp\/v2\/types\/page"}],"author":[{"embeddable":true,"href":"https:\/\/www.prcgommoni.it\/fr\/wp-json\/wp\/v2\/users\/7"}],"replies":[{"embeddable":true,"href":"https:\/\/www.prcgommoni.it\/fr\/wp-json\/wp\/v2\/comments?post=1334"}],"version-history":[{"count":4,"href":"https:\/\/www.prcgommoni.it\/fr\/wp-json\/wp\/v2\/pages\/1334\/revisions"}],"predecessor-version":[{"id":1346,"href":"https:\/\/www.prcgommoni.it\/fr\/wp-json\/wp\/v2\/pages\/1334\/revisions\/1346"}],"wp:attachment":[{"href":"https:\/\/www.prcgommoni.it\/fr\/wp-json\/wp\/v2\/media?parent=1334"}],"curies":[{"name":"wp","href":"https:\/\/api.w.org\/{rel}","templated":true}]}}