{"id":1320,"date":"2024-07-03T16:52:19","date_gmt":"2024-07-03T14:52:19","guid":{"rendered":"https:\/\/www.prcgommoni.it\/produzione-tubolari-gommoni\/"},"modified":"2024-07-22T16:12:08","modified_gmt":"2024-07-22T14:12:08","slug":"production-bateaux-pneumatiques","status":"publish","type":"page","link":"https:\/\/www.prcgommoni.it\/fr\/production-bateaux-pneumatiques\/","title":{"rendered":"Production"},"content":{"rendered":"\t\t<div data-elementor-type=\"wp-page\" data-elementor-id=\"1320\" class=\"elementor elementor-1320 elementor-527\" data-elementor-post-type=\"page\">\n\t\t\t\t\t\t<section class=\"elementor-section elementor-top-section elementor-element elementor-element-51085e5 elementor-section-content-middle elementor-section-boxed elementor-section-height-default elementor-section-height-default\" data-id=\"51085e5\" data-element_type=\"section\" data-e-type=\"section\" data-settings=\"{&quot;background_background&quot;:&quot;classic&quot;}\">\n\t\t\t\t\t\t\t<div class=\"elementor-background-overlay\"><\/div>\n\t\t\t\t\t\t\t<div class=\"elementor-container elementor-column-gap-default\">\n\t\t\t\t\t<div class=\"elementor-column elementor-col-100 elementor-top-column elementor-element elementor-element-b0a7e3c\" data-id=\"b0a7e3c\" data-element_type=\"column\" data-e-type=\"column\">\n\t\t\t<div class=\"elementor-widget-wrap elementor-element-populated\">\n\t\t\t\t\t\t<div class=\"elementor-element elementor-element-dfe92a7 elementor-widget elementor-widget-heading\" data-id=\"dfe92a7\" data-element_type=\"widget\" data-e-type=\"widget\" data-widget_type=\"heading.default\">\n\t\t\t\t<div class=\"elementor-widget-container\">\n\t\t\t\t\t<h1 class=\"elementor-heading-title elementor-size-default\">Production<\/h1>\t\t\t\t<\/div>\n\t\t\t\t<\/div>\n\t\t\t\t\t<\/div>\n\t\t<\/div>\n\t\t\t\t\t<\/div>\n\t\t<\/section>\n\t\t\t\t<section class=\"elementor-section elementor-top-section elementor-element elementor-element-844d61a elementor-section-content-middle elementor-section-boxed elementor-section-height-default elementor-section-height-default\" data-id=\"844d61a\" data-element_type=\"section\" data-e-type=\"section\">\n\t\t\t\t\t\t<div class=\"elementor-container elementor-column-gap-default\">\n\t\t\t\t\t<div class=\"elementor-column elementor-col-33 elementor-top-column elementor-element elementor-element-19c917b elementor-invisible\" data-id=\"19c917b\" data-element_type=\"column\" data-e-type=\"column\" data-settings=\"{&quot;animation&quot;:&quot;fadeInLeft&quot;}\">\n\t\t\t<div class=\"elementor-widget-wrap elementor-element-populated\">\n\t\t\t\t\t\t<div class=\"elementor-element elementor-element-0b1789c elementor-widget elementor-widget-text-editor\" data-id=\"0b1789c\" data-element_type=\"widget\" data-e-type=\"widget\" data-widget_type=\"text-editor.default\">\n\t\t\t\t<div class=\"elementor-widget-container\">\n\t\t\t\t\t\t\t\t\t<p>Notre soci\u00e9t\u00e9 collabore avec succ\u00e8s avec les plus grands chantiers navals dans le secteur nautique de plaisance, de comp\u00e9tition, de sauvetage et unit\u00e9s de la marine nationale.<\/p><p>Nous sommes en mesure d\u2019offrir directement \u00e0 l\u2019int\u00e9rieur de notre structure un service \u00e0 360 degr\u00e9s, du d\u00e9veloppement des mod\u00e8les 3D jusqu\u2019au produit final<\/p><p>Tous nos produits sont livr\u00e9s avec une d\u00e9claration de conformit\u00e9 et tests Europ\u00e9ens ISO6185.<\/p>\t\t\t\t\t\t\t\t<\/div>\n\t\t\t\t<\/div>\n\t\t\t\t\t<\/div>\n\t\t<\/div>\n\t\t\t\t<div class=\"elementor-column elementor-col-66 elementor-top-column elementor-element elementor-element-96a8414\" data-id=\"96a8414\" data-element_type=\"column\" data-e-type=\"column\">\n\t\t\t<div class=\"elementor-widget-wrap elementor-element-populated\">\n\t\t\t\t\t\t<div class=\"elementor-element elementor-element-038cd9c elementor-widget elementor-widget-gallery\" data-id=\"038cd9c\" data-element_type=\"widget\" data-e-type=\"widget\" data-settings=\"{&quot;gallery_layout&quot;:&quot;masonry&quot;,&quot;columns&quot;:2,&quot;gap&quot;:{&quot;unit&quot;:&quot;px&quot;,&quot;size&quot;:20,&quot;sizes&quot;:[]},&quot;lazyload&quot;:&quot;yes&quot;,&quot;columns_tablet&quot;:2,&quot;columns_mobile&quot;:1,&quot;gap_tablet&quot;:{&quot;unit&quot;:&quot;px&quot;,&quot;size&quot;:10,&quot;sizes&quot;:[]},&quot;gap_mobile&quot;:{&quot;unit&quot;:&quot;px&quot;,&quot;size&quot;:10,&quot;sizes&quot;:[]},&quot;content_hover_animation&quot;:&quot;fade-in&quot;}\" data-widget_type=\"gallery.default\">\n\t\t\t\t<div class=\"elementor-widget-container\">\n\t\t\t\t\t\t\t<div class=\"elementor-gallery__container\">\n\t\t\t\t\t\t\t<div class=\"e-gallery-item elementor-gallery-item elementor-animated-content\">\n\t\t\t\t\t<div class=\"e-gallery-image elementor-gallery-item__image\" data-thumbnail=\"https:\/\/www.prcgommoni.it\/wp-content\/uploads\/2024\/07\/prc-produzione-battelli-pneumatici-02-1024x471.webp\" data-width=\"800\" data-height=\"368\" aria-label=\"prc produzione battelli pneumatici 02\" role=\"img\" ><\/div>\n\t\t\t\t\t\t\t\t\t\t\t\t\t\t<\/div>\n\t\t\t\t\t\t\t<div class=\"e-gallery-item elementor-gallery-item elementor-animated-content\">\n\t\t\t\t\t<div class=\"e-gallery-image elementor-gallery-item__image\" data-thumbnail=\"https:\/\/www.prcgommoni.it\/wp-content\/uploads\/2024\/07\/prc-produzione-battelli-pneumatici-01-1024x471.webp\" data-width=\"800\" data-height=\"368\" aria-label=\"prc produzione battelli pneumatici 01\" role=\"img\" ><\/div>\n\t\t\t\t\t\t\t\t\t\t\t\t\t\t<\/div>\n\t\t\t\t\t\t\t<div class=\"e-gallery-item elementor-gallery-item elementor-animated-content\">\n\t\t\t\t\t<div class=\"e-gallery-image elementor-gallery-item__image\" data-thumbnail=\"https:\/\/www.prcgommoni.it\/wp-content\/uploads\/2024\/07\/prc-produzione-battelli-pneumatici-03-1024x471.webp\" data-width=\"800\" data-height=\"368\" aria-label=\"prc produzione battelli pneumatici 03\" role=\"img\" ><\/div>\n\t\t\t\t\t\t\t\t\t\t\t\t\t\t<\/div>\n\t\t\t\t\t\t\t<div class=\"e-gallery-item elementor-gallery-item elementor-animated-content\">\n\t\t\t\t\t<div class=\"e-gallery-image elementor-gallery-item__image\" data-thumbnail=\"https:\/\/www.prcgommoni.it\/wp-content\/uploads\/2024\/07\/prc-produzione-battelli-pneumatici-04-1024x471.webp\" data-width=\"800\" data-height=\"368\" aria-label=\"prc produzione battelli pneumatici 04\" role=\"img\" ><\/div>\n\t\t\t\t\t\t\t\t\t\t\t\t\t\t<\/div>\n\t\t\t\t\t<\/div>\n\t\t\t\t\t<\/div>\n\t\t\t\t<\/div>\n\t\t\t\t\t<\/div>\n\t\t<\/div>\n\t\t\t\t\t<\/div>\n\t\t<\/section>\n\t\t\t\t<section class=\"elementor-section elementor-top-section elementor-element elementor-element-6861b21 elementor-section-content-middle elementor-section-boxed elementor-section-height-default elementor-section-height-default\" data-id=\"6861b21\" data-element_type=\"section\" data-e-type=\"section\">\n\t\t\t\t\t\t<div class=\"elementor-container elementor-column-gap-default\">\n\t\t\t\t\t<div class=\"elementor-column elementor-col-100 elementor-top-column elementor-element elementor-element-ee10210\" data-id=\"ee10210\" data-element_type=\"column\" data-e-type=\"column\">\n\t\t\t<div class=\"elementor-widget-wrap elementor-element-populated\">\n\t\t\t\t\t\t<div class=\"elementor-element elementor-element-ddbe71f elementor-widget elementor-widget-gallery\" data-id=\"ddbe71f\" data-element_type=\"widget\" data-e-type=\"widget\" data-settings=\"{&quot;gallery_layout&quot;:&quot;justified&quot;,&quot;gap&quot;:{&quot;unit&quot;:&quot;px&quot;,&quot;size&quot;:20,&quot;sizes&quot;:[]},&quot;ideal_row_height&quot;:{&quot;unit&quot;:&quot;px&quot;,&quot;size&quot;:232,&quot;sizes&quot;:[]},&quot;lazyload&quot;:&quot;yes&quot;,&quot;ideal_row_height_tablet&quot;:{&quot;unit&quot;:&quot;px&quot;,&quot;size&quot;:150,&quot;sizes&quot;:[]},&quot;ideal_row_height_mobile&quot;:{&quot;unit&quot;:&quot;px&quot;,&quot;size&quot;:150,&quot;sizes&quot;:[]},&quot;gap_tablet&quot;:{&quot;unit&quot;:&quot;px&quot;,&quot;size&quot;:10,&quot;sizes&quot;:[]},&quot;gap_mobile&quot;:{&quot;unit&quot;:&quot;px&quot;,&quot;size&quot;:10,&quot;sizes&quot;:[]},&quot;content_hover_animation&quot;:&quot;fade-in&quot;}\" data-widget_type=\"gallery.default\">\n\t\t\t\t<div class=\"elementor-widget-container\">\n\t\t\t\t\t\t\t<div class=\"elementor-gallery__container\">\n\t\t\t\t\t\t\t<div class=\"e-gallery-item elementor-gallery-item elementor-animated-content\">\n\t\t\t\t\t<div class=\"e-gallery-image elementor-gallery-item__image\" data-thumbnail=\"https:\/\/www.prcgommoni.it\/wp-content\/uploads\/2024\/07\/prc-produzione-battelli-pneumatici-05-471x1024.webp\" data-width=\"471\" data-height=\"1024\" aria-label=\"prc produzione battelli pneumatici 05\" role=\"img\" ><\/div>\n\t\t\t\t\t\t\t\t\t\t\t\t\t\t<\/div>\n\t\t\t\t\t\t\t<div class=\"e-gallery-item elementor-gallery-item elementor-animated-content\">\n\t\t\t\t\t<div class=\"e-gallery-image elementor-gallery-item__image\" data-thumbnail=\"https:\/\/www.prcgommoni.it\/wp-content\/uploads\/2024\/07\/prc-produzione-battelli-pneumatici-06-471x1024.webp\" data-width=\"471\" data-height=\"1024\" aria-label=\"prc produzione battelli pneumatici 06\" role=\"img\" ><\/div>\n\t\t\t\t\t\t\t\t\t\t\t\t\t\t<\/div>\n\t\t\t\t\t\t\t<div class=\"e-gallery-item elementor-gallery-item elementor-animated-content\">\n\t\t\t\t\t<div class=\"e-gallery-image elementor-gallery-item__image\" data-thumbnail=\"https:\/\/www.prcgommoni.it\/wp-content\/uploads\/2024\/07\/prc-battelli-pneumatici-produzione-01-471x1024.webp\" data-width=\"471\" data-height=\"1024\" aria-label=\"prc battelli pneumatici produzione 01\" role=\"img\" ><\/div>\n\t\t\t\t\t\t\t\t\t\t\t\t\t\t<\/div>\n\t\t\t\t\t\t\t<div class=\"e-gallery-item elementor-gallery-item elementor-animated-content\">\n\t\t\t\t\t<div class=\"e-gallery-image elementor-gallery-item__image\" data-thumbnail=\"https:\/\/www.prcgommoni.it\/wp-content\/uploads\/2024\/07\/prc-battelli-pneumatici-produzione-02-471x1024.webp\" data-width=\"471\" data-height=\"1024\" aria-label=\"prc battelli pneumatici produzione 02\" role=\"img\" ><\/div>\n\t\t\t\t\t\t\t\t\t\t\t\t\t\t<\/div>\n\t\t\t\t\t\t\t<div class=\"e-gallery-item elementor-gallery-item elementor-animated-content\">\n\t\t\t\t\t<div class=\"e-gallery-image elementor-gallery-item__image\" data-thumbnail=\"https:\/\/www.prcgommoni.it\/wp-content\/uploads\/2024\/07\/prc-battelli-pneumatici-produzione-03-1024x471.webp\" data-width=\"800\" data-height=\"368\" aria-label=\"prc battelli pneumatici produzione 03\" role=\"img\" ><\/div>\n\t\t\t\t\t\t\t\t\t\t\t\t\t\t<\/div>\n\t\t\t\t\t<\/div>\n\t\t\t\t\t<\/div>\n\t\t\t\t<\/div>\n\t\t\t\t\t<\/div>\n\t\t<\/div>\n\t\t\t\t\t<\/div>\n\t\t<\/section>\n\t\t\t\t<section class=\"elementor-section elementor-top-section elementor-element elementor-element-7dd2de5 elementor-section-content-middle elementor-section-boxed elementor-section-height-default elementor-section-height-default\" data-id=\"7dd2de5\" data-element_type=\"section\" data-e-type=\"section\">\n\t\t\t\t\t\t<div class=\"elementor-container elementor-column-gap-default\">\n\t\t\t\t\t<div class=\"elementor-column elementor-col-100 elementor-top-column elementor-element elementor-element-dad5a9c\" data-id=\"dad5a9c\" data-element_type=\"column\" data-e-type=\"column\">\n\t\t\t<div class=\"elementor-widget-wrap elementor-element-populated\">\n\t\t\t\t\t\t<div class=\"elementor-element elementor-element-b08dde2 elementor-widget elementor-widget-gallery\" data-id=\"b08dde2\" data-element_type=\"widget\" data-e-type=\"widget\" data-settings=\"{&quot;gallery_layout&quot;:&quot;justified&quot;,&quot;gap&quot;:{&quot;unit&quot;:&quot;px&quot;,&quot;size&quot;:20,&quot;sizes&quot;:[]},&quot;ideal_row_height&quot;:{&quot;unit&quot;:&quot;px&quot;,&quot;size&quot;:300,&quot;sizes&quot;:[]},&quot;lazyload&quot;:&quot;yes&quot;,&quot;ideal_row_height_tablet&quot;:{&quot;unit&quot;:&quot;px&quot;,&quot;size&quot;:150,&quot;sizes&quot;:[]},&quot;ideal_row_height_mobile&quot;:{&quot;unit&quot;:&quot;px&quot;,&quot;size&quot;:150,&quot;sizes&quot;:[]},&quot;gap_tablet&quot;:{&quot;unit&quot;:&quot;px&quot;,&quot;size&quot;:10,&quot;sizes&quot;:[]},&quot;gap_mobile&quot;:{&quot;unit&quot;:&quot;px&quot;,&quot;size&quot;:10,&quot;sizes&quot;:[]},&quot;content_hover_animation&quot;:&quot;fade-in&quot;}\" data-widget_type=\"gallery.default\">\n\t\t\t\t<div class=\"elementor-widget-container\">\n\t\t\t\t\t\t\t<div class=\"elementor-gallery__container\">\n\t\t\t\t\t\t\t<div class=\"e-gallery-item elementor-gallery-item elementor-animated-content\">\n\t\t\t\t\t<div class=\"e-gallery-image elementor-gallery-item__image\" data-thumbnail=\"https:\/\/www.prcgommoni.it\/wp-content\/uploads\/2024\/07\/prc-battelli-pneumatici-produzione-01A-1024x471.webp\" data-width=\"800\" data-height=\"368\" aria-label=\"prc battelli pneumatici produzione 01A\" role=\"img\" ><\/div>\n\t\t\t\t\t\t\t\t\t\t\t\t\t\t<\/div>\n\t\t\t\t\t\t\t<div class=\"e-gallery-item elementor-gallery-item elementor-animated-content\">\n\t\t\t\t\t<div class=\"e-gallery-image elementor-gallery-item__image\" data-thumbnail=\"https:\/\/www.prcgommoni.it\/wp-content\/uploads\/2024\/07\/prc-battelli-pneumatici-produzione-02A-1024x471.webp\" data-width=\"800\" data-height=\"368\" aria-label=\"prc battelli pneumatici produzione 02A\" role=\"img\" ><\/div>\n\t\t\t\t\t\t\t\t\t\t\t\t\t\t<\/div>\n\t\t\t\t\t\t\t<div class=\"e-gallery-item elementor-gallery-item elementor-animated-content\">\n\t\t\t\t\t<div class=\"e-gallery-image elementor-gallery-item__image\" data-thumbnail=\"https:\/\/www.prcgommoni.it\/wp-content\/uploads\/2024\/07\/prc-battelli-pneumatici-produzione-03A-1024x471.webp\" data-width=\"800\" data-height=\"368\" aria-label=\"prc battelli pneumatici produzione 03A\" role=\"img\" ><\/div>\n\t\t\t\t\t\t\t\t\t\t\t\t\t\t<\/div>\n\t\t\t\t\t\t\t<div class=\"e-gallery-item elementor-gallery-item elementor-animated-content\">\n\t\t\t\t\t<div class=\"e-gallery-image elementor-gallery-item__image\" data-thumbnail=\"https:\/\/www.prcgommoni.it\/wp-content\/uploads\/2024\/07\/prc-battelli-pneumatici-produzione-04A-1024x471.webp\" data-width=\"800\" data-height=\"368\" aria-label=\"prc battelli pneumatici produzione 04A\" role=\"img\" ><\/div>\n\t\t\t\t\t\t\t\t\t\t\t\t\t\t<\/div>\n\t\t\t\t\t<\/div>\n\t\t\t\t\t<\/div>\n\t\t\t\t<\/div>\n\t\t\t\t\t<\/div>\n\t\t<\/div>\n\t\t\t\t\t<\/div>\n\t\t<\/section>\n\t\t\t\t<\/div>\n\t\t","protected":false},"excerpt":{"rendered":"<p>Notre soci\u00e9t\u00e9 collabore avec succ\u00e8s avec les plus grands chantiers navals dans le secteur nautique de plaisance, de comp\u00e9tition, de sauvetage et unit\u00e9s de la marine nationale. Nous sommes en mesure d\u2019offrir directement \u00e0 l\u2019int\u00e9rieur de notre structure un service \u00e0 360 degr\u00e9s, du d\u00e9veloppement des mod\u00e8les 3D jusqu\u2019au produit final Tous nos produits sont [&hellip;]<\/p>\n","protected":false},"author":7,"featured_media":0,"parent":0,"menu_order":0,"comment_status":"closed","ping_status":"closed","template":"","meta":{"footnotes":""},"class_list":["post-1320","page","type-page","status-publish","hentry"],"yoast_head":"<!-- This site is optimized with the Yoast SEO plugin v27.3 - https:\/\/yoast.com\/product\/yoast-seo-wordpress\/ -->\n<title>Production de flotteurs pour canots et bateaux pneumatiques<\/title>\n<meta name=\"description\" content=\"Fabrication de bou\u00e9es, pare-battages et composants gonflables pour autres applications\" \/>\n<meta name=\"robots\" content=\"index, follow, max-snippet:-1, max-image-preview:large, max-video-preview:-1\" \/>\n<link rel=\"canonical\" href=\"https:\/\/www.prcgommoni.it\/fr\/production-bateaux-pneumatiques\/\" \/>\n<meta property=\"og:locale\" content=\"fr_FR\" \/>\n<meta property=\"og:type\" content=\"article\" \/>\n<meta property=\"og:title\" content=\"Production de flotteurs pour canots et bateaux pneumatiques\" \/>\n<meta property=\"og:description\" content=\"Fabrication de bou\u00e9es, pare-battages et composants gonflables pour autres applications\" \/>\n<meta property=\"og:url\" content=\"https:\/\/www.prcgommoni.it\/fr\/production-bateaux-pneumatiques\/\" \/>\n<meta property=\"og:site_name\" content=\"PRC bateaux pneumatiques\" \/>\n<meta property=\"article:modified_time\" content=\"2024-07-22T14:12:08+00:00\" \/>\n<meta name=\"twitter:card\" content=\"summary_large_image\" \/>\n<meta name=\"twitter:label1\" content=\"Dur\u00e9e de lecture estim\u00e9e\" \/>\n\t<meta name=\"twitter:data1\" content=\"1 minute\" \/>\n<script type=\"application\/ld+json\" class=\"yoast-schema-graph\">{\"@context\":\"https:\\\/\\\/schema.org\",\"@graph\":[{\"@type\":\"WebPage\",\"@id\":\"https:\\\/\\\/www.prcgommoni.it\\\/fr\\\/production-bateaux-pneumatiques\\\/\",\"url\":\"https:\\\/\\\/www.prcgommoni.it\\\/fr\\\/production-bateaux-pneumatiques\\\/\",\"name\":\"Production de flotteurs pour canots et bateaux pneumatiques\",\"isPartOf\":{\"@id\":\"https:\\\/\\\/www.prcgommoni.it\\\/fr\\\/#website\"},\"datePublished\":\"2024-07-03T14:52:19+00:00\",\"dateModified\":\"2024-07-22T14:12:08+00:00\",\"description\":\"Fabrication de bou\u00e9es, pare-battages et composants gonflables pour autres applications\",\"breadcrumb\":{\"@id\":\"https:\\\/\\\/www.prcgommoni.it\\\/fr\\\/production-bateaux-pneumatiques\\\/#breadcrumb\"},\"inLanguage\":\"fr-FR\",\"potentialAction\":[{\"@type\":\"ReadAction\",\"target\":[\"https:\\\/\\\/www.prcgommoni.it\\\/fr\\\/production-bateaux-pneumatiques\\\/\"]}]},{\"@type\":\"BreadcrumbList\",\"@id\":\"https:\\\/\\\/www.prcgommoni.it\\\/fr\\\/production-bateaux-pneumatiques\\\/#breadcrumb\",\"itemListElement\":[{\"@type\":\"ListItem\",\"position\":1,\"name\":\"Home\",\"item\":\"https:\\\/\\\/www.prcgommoni.it\\\/fr\\\/\"},{\"@type\":\"ListItem\",\"position\":2,\"name\":\"Production\"}]},{\"@type\":\"WebSite\",\"@id\":\"https:\\\/\\\/www.prcgommoni.it\\\/fr\\\/#website\",\"url\":\"https:\\\/\\\/www.prcgommoni.it\\\/fr\\\/\",\"name\":\"PRC bateaux pneumatiques\",\"description\":\"\",\"publisher\":{\"@id\":\"https:\\\/\\\/www.prcgommoni.it\\\/fr\\\/#organization\"},\"potentialAction\":[{\"@type\":\"SearchAction\",\"target\":{\"@type\":\"EntryPoint\",\"urlTemplate\":\"https:\\\/\\\/www.prcgommoni.it\\\/fr\\\/?s={search_term_string}\"},\"query-input\":{\"@type\":\"PropertyValueSpecification\",\"valueRequired\":true,\"valueName\":\"search_term_string\"}}],\"inLanguage\":\"fr-FR\"},{\"@type\":\"Organization\",\"@id\":\"https:\\\/\\\/www.prcgommoni.it\\\/fr\\\/#organization\",\"name\":\"PRC Battelli Pneumatici\",\"url\":\"https:\\\/\\\/www.prcgommoni.it\\\/fr\\\/\",\"logo\":{\"@type\":\"ImageObject\",\"inLanguage\":\"fr-FR\",\"@id\":\"https:\\\/\\\/www.prcgommoni.it\\\/fr\\\/#\\\/schema\\\/logo\\\/image\\\/\",\"url\":\"https:\\\/\\\/www.prcgommoni.it\\\/wp-content\\\/uploads\\\/2024\\\/06\\\/prc-battelli-pneumatici.webp\",\"contentUrl\":\"https:\\\/\\\/www.prcgommoni.it\\\/wp-content\\\/uploads\\\/2024\\\/06\\\/prc-battelli-pneumatici.webp\",\"width\":1600,\"height\":350,\"caption\":\"PRC Battelli Pneumatici\"},\"image\":{\"@id\":\"https:\\\/\\\/www.prcgommoni.it\\\/fr\\\/#\\\/schema\\\/logo\\\/image\\\/\"}}]}<\/script>\n<!-- \/ Yoast SEO plugin. -->","yoast_head_json":{"title":"Production de flotteurs pour canots et bateaux pneumatiques","description":"Fabrication de bou\u00e9es, pare-battages et composants gonflables pour autres applications","robots":{"index":"index","follow":"follow","max-snippet":"max-snippet:-1","max-image-preview":"max-image-preview:large","max-video-preview":"max-video-preview:-1"},"canonical":"https:\/\/www.prcgommoni.it\/fr\/production-bateaux-pneumatiques\/","og_locale":"fr_FR","og_type":"article","og_title":"Production de flotteurs pour canots et bateaux pneumatiques","og_description":"Fabrication de bou\u00e9es, pare-battages et composants gonflables pour autres applications","og_url":"https:\/\/www.prcgommoni.it\/fr\/production-bateaux-pneumatiques\/","og_site_name":"PRC bateaux pneumatiques","article_modified_time":"2024-07-22T14:12:08+00:00","twitter_card":"summary_large_image","twitter_misc":{"Dur\u00e9e de lecture estim\u00e9e":"1 minute"},"schema":{"@context":"https:\/\/schema.org","@graph":[{"@type":"WebPage","@id":"https:\/\/www.prcgommoni.it\/fr\/production-bateaux-pneumatiques\/","url":"https:\/\/www.prcgommoni.it\/fr\/production-bateaux-pneumatiques\/","name":"Production de flotteurs pour canots et bateaux pneumatiques","isPartOf":{"@id":"https:\/\/www.prcgommoni.it\/fr\/#website"},"datePublished":"2024-07-03T14:52:19+00:00","dateModified":"2024-07-22T14:12:08+00:00","description":"Fabrication de bou\u00e9es, pare-battages et composants gonflables pour autres applications","breadcrumb":{"@id":"https:\/\/www.prcgommoni.it\/fr\/production-bateaux-pneumatiques\/#breadcrumb"},"inLanguage":"fr-FR","potentialAction":[{"@type":"ReadAction","target":["https:\/\/www.prcgommoni.it\/fr\/production-bateaux-pneumatiques\/"]}]},{"@type":"BreadcrumbList","@id":"https:\/\/www.prcgommoni.it\/fr\/production-bateaux-pneumatiques\/#breadcrumb","itemListElement":[{"@type":"ListItem","position":1,"name":"Home","item":"https:\/\/www.prcgommoni.it\/fr\/"},{"@type":"ListItem","position":2,"name":"Production"}]},{"@type":"WebSite","@id":"https:\/\/www.prcgommoni.it\/fr\/#website","url":"https:\/\/www.prcgommoni.it\/fr\/","name":"PRC bateaux pneumatiques","description":"","publisher":{"@id":"https:\/\/www.prcgommoni.it\/fr\/#organization"},"potentialAction":[{"@type":"SearchAction","target":{"@type":"EntryPoint","urlTemplate":"https:\/\/www.prcgommoni.it\/fr\/?s={search_term_string}"},"query-input":{"@type":"PropertyValueSpecification","valueRequired":true,"valueName":"search_term_string"}}],"inLanguage":"fr-FR"},{"@type":"Organization","@id":"https:\/\/www.prcgommoni.it\/fr\/#organization","name":"PRC Battelli Pneumatici","url":"https:\/\/www.prcgommoni.it\/fr\/","logo":{"@type":"ImageObject","inLanguage":"fr-FR","@id":"https:\/\/www.prcgommoni.it\/fr\/#\/schema\/logo\/image\/","url":"https:\/\/www.prcgommoni.it\/wp-content\/uploads\/2024\/06\/prc-battelli-pneumatici.webp","contentUrl":"https:\/\/www.prcgommoni.it\/wp-content\/uploads\/2024\/06\/prc-battelli-pneumatici.webp","width":1600,"height":350,"caption":"PRC Battelli Pneumatici"},"image":{"@id":"https:\/\/www.prcgommoni.it\/fr\/#\/schema\/logo\/image\/"}}]}},"_links":{"self":[{"href":"https:\/\/www.prcgommoni.it\/fr\/wp-json\/wp\/v2\/pages\/1320","targetHints":{"allow":["GET"]}}],"collection":[{"href":"https:\/\/www.prcgommoni.it\/fr\/wp-json\/wp\/v2\/pages"}],"about":[{"href":"https:\/\/www.prcgommoni.it\/fr\/wp-json\/wp\/v2\/types\/page"}],"author":[{"embeddable":true,"href":"https:\/\/www.prcgommoni.it\/fr\/wp-json\/wp\/v2\/users\/7"}],"replies":[{"embeddable":true,"href":"https:\/\/www.prcgommoni.it\/fr\/wp-json\/wp\/v2\/comments?post=1320"}],"version-history":[{"count":4,"href":"https:\/\/www.prcgommoni.it\/fr\/wp-json\/wp\/v2\/pages\/1320\/revisions"}],"predecessor-version":[{"id":1325,"href":"https:\/\/www.prcgommoni.it\/fr\/wp-json\/wp\/v2\/pages\/1320\/revisions\/1325"}],"wp:attachment":[{"href":"https:\/\/www.prcgommoni.it\/fr\/wp-json\/wp\/v2\/media?parent=1320"}],"curies":[{"name":"wp","href":"https:\/\/api.w.org\/{rel}","templated":true}]}}